{"id":12,"date":"2016-05-03T19:26:20","date_gmt":"2016-05-03T19:26:20","guid":{"rendered":"http:\/\/puli-john.de\/?page_id=12"},"modified":"2018-09-02T20:59:52","modified_gmt":"2018-09-02T20:59:52","slug":"unsere-zuchthuendinnen","status":"publish","type":"page","link":"http:\/\/puli-john.de\/?page_id=12","title":{"rendered":"Unsere Zuchth\u00fcndinnen"},"content":{"rendered":"<p><img loading=\"lazy\" decoding=\"async\" class=\"alignnone size-medium wp-image-18\" src=\"http:\/\/puli-john.de\/wp-content\/uploads\/2016\/05\/Piroschka_puli-300x211.jpg\" alt=\"Piroschka_puli\" width=\"300\" height=\"211\" srcset=\"http:\/\/puli-john.de\/wp-content\/uploads\/2016\/05\/Piroschka_puli-300x211.jpg 300w, http:\/\/puli-john.de\/wp-content\/uploads\/2016\/05\/Piroschka_puli-768x539.jpg 768w, http:\/\/puli-john.de\/wp-content\/uploads\/2016\/05\/Piroschka_puli.jpg 772w\" sizes=\"auto, (max-width: 300px) 100vw, 300px\" \/><\/p>\n<p><span class=\"ff2 fc0 fs10 \">Balt\u00e1skerti Borcsa *17.07.1974<\/span>, genannt Piroschka, unser erster Puli, kam direkt aus Budapest. Ihre Vorfahren waren Gy\u00f6ngyv\u00e9r Pajkos und Gy\u00e1lerdai Mack\u00f3. Piroschka hatte den A, B\u00a0 und E Wurf<\/p>\n<p style=\"text-align: left;\"><img loading=\"lazy\" decoding=\"async\" class=\"alignnone size-medium wp-image-14\" src=\"http:\/\/puli-john.de\/wp-content\/uploads\/2016\/05\/amica2_puli-185x300.jpg\" alt=\"amica2_puli\" width=\"185\" height=\"300\" srcset=\"http:\/\/puli-john.de\/wp-content\/uploads\/2016\/05\/amica2_puli-185x300.jpg 185w, http:\/\/puli-john.de\/wp-content\/uploads\/2016\/05\/amica2_puli.jpg 242w\" sizes=\"auto, (max-width: 185px) 100vw, 185px\" \/><\/p>\n<p style=\"text-align: left;\"><span class=\"ff2 fc0 fs10 \">Amica vom Struffelt *11.10.1976<\/span>, aus Piroschkas erstem Wurf, Vater Amo von der Warndh\u00f6he. Amica hat den C und den D Wurf<\/p>\n<p style=\"text-align: left;\"><img loading=\"lazy\" decoding=\"async\" class=\"alignnone size-medium wp-image-17\" src=\"http:\/\/puli-john.de\/wp-content\/uploads\/2016\/05\/Natascha_puli-300x271.jpg\" alt=\"Natascha_puli\" width=\"300\" height=\"271\" srcset=\"http:\/\/puli-john.de\/wp-content\/uploads\/2016\/05\/Natascha_puli-300x271.jpg 300w, http:\/\/puli-john.de\/wp-content\/uploads\/2016\/05\/Natascha_puli.jpg 312w\" sizes=\"auto, (max-width: 300px) 100vw, 300px\" \/><\/p>\n<p style=\"text-align: left;\"><span class=\"ff2 fc0 fs10 \">Natascha von der Insel Juist *30.06.1987<\/span> mit den Vorfahren Brumi vom schwarzen Regen und Gy\u00e1lpusztai Csutak. Sie hatte die W\u00fcrfe F, G, H und I<\/p>\n<p style=\"text-align: left;\"><img loading=\"lazy\" decoding=\"async\" class=\"alignnone size-medium wp-image-16\" src=\"http:\/\/puli-john.de\/wp-content\/uploads\/2016\/05\/Gina_puli_1-300x237.jpg\" alt=\"Gina_puli_1\" width=\"300\" height=\"237\" srcset=\"http:\/\/puli-john.de\/wp-content\/uploads\/2016\/05\/Gina_puli_1-300x237.jpg 300w, http:\/\/puli-john.de\/wp-content\/uploads\/2016\/05\/Gina_puli_1.jpg 640w\" sizes=\"auto, (max-width: 300px) 100vw, 300px\" \/><\/p>\n<p style=\"text-align: left;\"><span class=\"ff2 fc0 fs10 \">Gina vom Struffelt *10.01.1997<\/span> mit den Vorfahren Natascha von der Insel Juist und Ferry vom Gr\u00fcnen Wald. Bei ihr gab es dann W\u00fcrfe J, K, L und M<\/p>\n<p style=\"text-align: left;\"><img loading=\"lazy\" decoding=\"async\" class=\"alignnone size-medium wp-image-15\" src=\"http:\/\/puli-john.de\/wp-content\/uploads\/2016\/05\/Daika3_puli-300x225.jpg\" alt=\"Daika3_puli\" width=\"300\" height=\"225\" srcset=\"http:\/\/puli-john.de\/wp-content\/uploads\/2016\/05\/Daika3_puli-300x225.jpg 300w, http:\/\/puli-john.de\/wp-content\/uploads\/2016\/05\/Daika3_puli-768x576.jpg 768w, http:\/\/puli-john.de\/wp-content\/uploads\/2016\/05\/Daika3_puli.jpg 1024w\" sizes=\"auto, (max-width: 300px) 100vw, 300px\" \/><\/p>\n<p style=\"text-align: left;\"><span class=\"ff2 fc0 fs10 \">Daika vom L\u00e4rchenweg *27.07.2006<\/span> mit den Vorfahren Hamzabegi Cimboram Csenge (Mutter, Z\u00fcchterin B\u00e4rbel Kloss) und Vater Eosedi Lapi Ordas Zsandar. Sie hatte nur den N Wurf.<\/p>\n<p style=\"text-align: left;\"><img loading=\"lazy\" decoding=\"async\" class=\"alignnone size-medium wp-image-231\" src=\"http:\/\/puli-john.de\/wp-content\/uploads\/2016\/05\/nana_alt-300x225.jpg\" alt=\"\" width=\"300\" height=\"225\" srcset=\"http:\/\/puli-john.de\/wp-content\/uploads\/2016\/05\/nana_alt-300x225.jpg 300w, http:\/\/puli-john.de\/wp-content\/uploads\/2016\/05\/nana_alt.jpg 653w\" sizes=\"auto, (max-width: 300px) 100vw, 300px\" \/><\/p>\n<p style=\"text-align: left;\"><span class=\"ff2 fc0 fs10 \">Nana vom Struffelt *25.01.2009 mit den Vorfahren Daika vom L\u00e4rchenweg und Konok Kunok Pulija T\u00fcks\u00fck (Vater, Z\u00fcchterin B\u00e4rbel Kloss). Sie hatte den O und den P Wurf.<br \/>\n<\/span><\/p>\n","protected":false},"excerpt":{"rendered":"<p>Balt\u00e1skerti Borcsa *17.07.1974, genannt Piroschka, unser erster Puli, kam direkt aus Budapest. Ihre Vorfahren waren Gy\u00f6ngyv\u00e9r Pajkos und Gy\u00e1lerdai Mack\u00f3. Piroschka hatte den A, B\u00a0 und E Wurf Amica vom Struffelt *11.10.1976, aus Piroschkas erstem Wurf, Vater Amo von der Warndh\u00f6he. Amica hat den C und den D Wurf Natascha von der Insel Juist *30.06.1987 &hellip; <a href=\"http:\/\/puli-john.de\/?page_id=12\" class=\"more-link\"><span class=\"screen-reader-text\">Unsere Zuchth\u00fcndinnen<\/span> weiterlesen <span class=\"meta-nav\">&rarr;<\/span><\/a><\/p>\n","protected":false},"author":1,"featured_media":0,"parent":0,"menu_order":0,"comment_status":"closed","ping_status":"closed","template":"","meta":{"footnotes":""},"class_list":["post-12","page","type-page","status-publish","hentry"],"_links":{"self":[{"href":"http:\/\/puli-john.de\/index.php?rest_route=\/wp\/v2\/pages\/12","targetHints":{"allow":["GET"]}}],"collection":[{"href":"http:\/\/puli-john.de\/index.php?rest_route=\/wp\/v2\/pages"}],"about":[{"href":"http:\/\/puli-john.de\/index.php?rest_route=\/wp\/v2\/types\/page"}],"author":[{"embeddable":true,"href":"http:\/\/puli-john.de\/index.php?rest_route=\/wp\/v2\/users\/1"}],"replies":[{"embeddable":true,"href":"http:\/\/puli-john.de\/index.php?rest_route=%2Fwp%2Fv2%2Fcomments&post=12"}],"version-history":[{"count":8,"href":"http:\/\/puli-john.de\/index.php?rest_route=\/wp\/v2\/pages\/12\/revisions"}],"predecessor-version":[{"id":232,"href":"http:\/\/puli-john.de\/index.php?rest_route=\/wp\/v2\/pages\/12\/revisions\/232"}],"wp:attachment":[{"href":"http:\/\/puli-john.de\/index.php?rest_route=%2Fwp%2Fv2%2Fmedia&parent=12"}],"curies":[{"name":"wp","href":"https:\/\/api.w.org\/{rel}","templated":true}]}}