{"id":2,"date":"2016-04-27T03:35:31","date_gmt":"2016-04-27T03:35:31","guid":{"rendered":"http:\/\/wp451m.a10-52-158-154.qa.plesk.ru\/wordpress\/?page_id=2"},"modified":"2017-01-13T18:21:47","modified_gmt":"2017-01-13T18:21:47","slug":"sample-page","status":"publish","type":"page","link":"http:\/\/puli-john.de\/","title":{"rendered":"Startseite"},"content":{"rendered":"<p><strong>Erster Eindruck<\/strong><\/p>\n<p>\u201cSieht der auch was?\u201d (Meistens schon)<\/p>\n<p>\u201cWo ist denn da vorne?\u201d (Wo\u2019s bellt!)<\/p>\n<p>\u201cDie brauchen aber viel Pflege, oder?\u201d (N\u00f6)<\/p>\n<p>\u201cBob Marley Hunde!\u201d (Das lassen wir mal als Kompliment durchgehen)<\/p>\n<p>\u201cWas ist denn das f\u00fcr eine Hunderasse?\u201d (Das sind gar keine Hunde, sondern Schafe, die bellen k\u00f6nnen)<\/p>\n<p><strong>Der Puli<\/strong><br \/>\nR\u00fcden 13-15 kg schwer, Schulterh\u00f6he 39-45 cm, H\u00fcndinnen mit 10-13 kg etwas leichter und 36-42 cm Schulterh\u00f6he etwas kleiner. Farben: wei\u00df, schwarz und andersfarben. Lebhaft, angeblich intelligent und als Sch\u00e4ferhund geeignet: das ist der Puli. Urspr\u00fcnglich aus Ungarn kommend und Teil der Familie der ungarischen Hirtenhunde.<\/p>\n<p>&nbsp;<\/p>\n","protected":false},"excerpt":{"rendered":"<p>Erster Eindruck \u201cSieht der auch was?\u201d (Meistens schon) \u201cWo ist denn da vorne?\u201d (Wo\u2019s bellt!) \u201cDie brauchen aber viel Pflege, oder?\u201d (N\u00f6) \u201cBob Marley Hunde!\u201d (Das lassen wir mal als Kompliment durchgehen) \u201cWas ist denn das f\u00fcr eine Hunderasse?\u201d (Das sind gar keine Hunde, sondern Schafe, die bellen k\u00f6nnen) Der Puli R\u00fcden 13-15 kg schwer, &hellip; <a href=\"http:\/\/puli-john.de\/\" class=\"more-link\"><span class=\"screen-reader-text\">Startseite<\/span> weiterlesen <span class=\"meta-nav\">&rarr;<\/span><\/a><\/p>\n","protected":false},"author":1,"featured_media":0,"parent":0,"menu_order":0,"comment_status":"closed","ping_status":"open","template":"","meta":{"footnotes":""},"class_list":["post-2","page","type-page","status-publish","hentry"],"_links":{"self":[{"href":"http:\/\/puli-john.de\/index.php?rest_route=\/wp\/v2\/pages\/2","targetHints":{"allow":["GET"]}}],"collection":[{"href":"http:\/\/puli-john.de\/index.php?rest_route=\/wp\/v2\/pages"}],"about":[{"href":"http:\/\/puli-john.de\/index.php?rest_route=\/wp\/v2\/types\/page"}],"author":[{"embeddable":true,"href":"http:\/\/puli-john.de\/index.php?rest_route=\/wp\/v2\/users\/1"}],"replies":[{"embeddable":true,"href":"http:\/\/puli-john.de\/index.php?rest_route=%2Fwp%2Fv2%2Fcomments&post=2"}],"version-history":[{"count":7,"href":"http:\/\/puli-john.de\/index.php?rest_route=\/wp\/v2\/pages\/2\/revisions"}],"predecessor-version":[{"id":67,"href":"http:\/\/puli-john.de\/index.php?rest_route=\/wp\/v2\/pages\/2\/revisions\/67"}],"wp:attachment":[{"href":"http:\/\/puli-john.de\/index.php?rest_route=%2Fwp%2Fv2%2Fmedia&parent=2"}],"curies":[{"name":"wp","href":"https:\/\/api.w.org\/{rel}","templated":true}]}}