{"id":69,"date":"2016-05-12T20:47:19","date_gmt":"2016-05-12T20:47:19","guid":{"rendered":"http:\/\/puli-john.de\/?page_id=69"},"modified":"2017-12-07T20:58:30","modified_gmt":"2017-12-07T20:58:30","slug":"links","status":"publish","type":"page","link":"http:\/\/puli-john.de\/?page_id=69","title":{"rendered":"Links"},"content":{"rendered":"<p style=\"text-align: left;\"><a href=\"https:\/\/www.kfuh.de\/de\/aktuelles\/kfuh-aktuelles-ausstellungen.php?page=puli-siegerhunde-711\">Puli Siegerhunde <\/a><\/p>\n<p style=\"text-align: left;\"><a href=\"http:\/\/www.kfuh.de\">Klub f\u00fcr ungarische Hirtenhunde<\/a><\/p>\n<p style=\"text-align: left;\"><a href=\"http:\/\/www.hirtenhunde.ch\">Klub f\u00fcr ausl\u00e4ndische Hirtenhunde<\/a><\/p>\n<p style=\"text-align: center;\">\n","protected":false},"excerpt":{"rendered":"<p>Puli Siegerhunde Klub f\u00fcr ungarische Hirtenhunde Klub f\u00fcr ausl\u00e4ndische Hirtenhunde<\/p>\n","protected":false},"author":1,"featured_media":0,"parent":0,"menu_order":0,"comment_status":"closed","ping_status":"closed","template":"","meta":{"footnotes":""},"class_list":["post-69","page","type-page","status-publish","hentry"],"_links":{"self":[{"href":"http:\/\/puli-john.de\/index.php?rest_route=\/wp\/v2\/pages\/69","targetHints":{"allow":["GET"]}}],"collection":[{"href":"http:\/\/puli-john.de\/index.php?rest_route=\/wp\/v2\/pages"}],"about":[{"href":"http:\/\/puli-john.de\/index.php?rest_route=\/wp\/v2\/types\/page"}],"author":[{"embeddable":true,"href":"http:\/\/puli-john.de\/index.php?rest_route=\/wp\/v2\/users\/1"}],"replies":[{"embeddable":true,"href":"http:\/\/puli-john.de\/index.php?rest_route=%2Fwp%2Fv2%2Fcomments&post=69"}],"version-history":[{"count":5,"href":"http:\/\/puli-john.de\/index.php?rest_route=\/wp\/v2\/pages\/69\/revisions"}],"predecessor-version":[{"id":192,"href":"http:\/\/puli-john.de\/index.php?rest_route=\/wp\/v2\/pages\/69\/revisions\/192"}],"wp:attachment":[{"href":"http:\/\/puli-john.de\/index.php?rest_route=%2Fwp%2Fv2%2Fmedia&parent=69"}],"curies":[{"name":"wp","href":"https:\/\/api.w.org\/{rel}","templated":true}]}}